{"id":146,"date":"2021-02-15T20:44:58","date_gmt":"2021-02-15T20:44:58","guid":{"rendered":"https:\/\/mitherzgegenschmerz.de\/?page_id=146"},"modified":"2021-03-29T06:45:28","modified_gmt":"2021-03-29T06:45:28","slug":"kontakt-anfahrt","status":"publish","type":"page","link":"https:\/\/mitherzgegenschmerz.de\/?page_id=146","title":{"rendered":"Kontakt | Anfahrt"},"content":{"rendered":"<!-- wp:themify-builder\/canvas \/-->\n\n\n<div class=\"wp-block-columns is-layout-flex wp-container-core-columns-is-layout-9d6595d7 wp-block-columns-is-layout-flex\">\n<div class=\"wp-block-column is-layout-flow wp-block-column-is-layout-flow\" style=\"flex-basis:100%\">\n<div class=\"wp-block-group is-layout-flow wp-block-group-is-layout-flow\"><div class=\"wp-block-group__inner-container\"><\/div><\/div>\n<\/div>\n<\/div>\n<!--themify_builder_static--><h1>Kontakt | Anfahrt<br\/><\/h1>\n\n<h2>Kontakt<\/h2> <p>Emily Schulz<\/p>\n<a href=\"tel:+4915255165985\">\n <i><svg aria-hidden=\"true\"><use href=\"#tf-fas-phone\"><\/use><\/svg><\/i>\n +49 152 551 65 985\n <\/a>\n \n \n <a href=\"mailto:kontakt@mitherzgegenschmerz.de\">\n <i><svg aria-hidden=\"true\"><use href=\"#tf-far-envelope\"><\/use><\/svg><\/i>\n kontakt@mitherzgegenschmerz.de\n <\/a>\n \n \n <a href=\"https:\/\/goo.gl\/maps\/QGUipzvV8QdgJQXWA\">\n <i><svg aria-hidden=\"true\"><use href=\"#tf-far-map-pin\"><\/use><\/svg><\/i>\n Bismarckstra\u00dfe 43, 39517 Tangerh\u00fctte\n <\/a>\n\n<p>Sie m\u00f6chten einen Termin vereinbaren, haben eine Frage oder m\u00f6chten uns einen wertvollen Hinweis geben?<br \/>Wir sind f\u00fcr Sie da!<\/p> <p>Rufen Sie uns an oder hinterlassen Sie hier eine Nachricht.<\/p>\n<h2>Schreiben Sie uns<\/h2>\n<form id=\"wpforms-form-176\" data-formid=\"176\" method=\"post\" enctype=\"multipart\/form-data\" action=\"\/wp-admin\/admin-ajax.php\" data-token=\"6bdc9509d6a67e56318d8454fbec73cf\"><noscript>Bitte aktiviere JavaScript in deinem Browser, um dieses Formular fertigzustellen.<\/noscript><label for=\"wpforms-176-field_0\">Name *<\/label><input type=\"text\" id=\"wpforms-176-field_0\" name=\"wpforms[fields][0][first]\" placeholder=\"Vorname\" required><label for=\"wpforms-176-field_0\">Vorname<\/label><input type=\"text\" id=\"wpforms-176-field_0-last\" name=\"wpforms[fields][0][last]\" placeholder=\"Nachname\" required><label for=\"wpforms-176-field_0-last\">Nachname<\/label><label for=\"wpforms-176-field_1\">E-Mail *<\/label><input type=\"email\" id=\"wpforms-176-field_1\" name=\"wpforms[fields][1]\" placeholder=\"E-Mail\" required><label for=\"wpforms-176-field_4\">Telefonnummer (optional)<\/label><input type=\"number\" pattern=\"\\d*\" id=\"wpforms-176-field_4\" name=\"wpforms[fields][4]\" placeholder=\"Telefonnummer (optional)\" ><label for=\"wpforms-176-field_2\">Kommentar oder Nachricht *<\/label><textarea id=\"wpforms-176-field_2\" data-form-id=\"176\" data-field-id=\"2\" data-text-limit=\"100\" name=\"wpforms[fields][2]\" placeholder=\"Kommentar oder Nachricht\" required><\/textarea><input type=\"text\" name=\"g-recaptcha-hidden\" style=\"position:absolute!important;clip:rect(0,0,0,0)!important;height:1px!important;width:1px!important;border:0!important;overflow:hidden!important;padding:0!important;margin:0!important;\" required><input type=\"hidden\" name=\"wpforms[id]\" value=\"176\"><input type=\"hidden\" name=\"wpforms[author]\" value=\"0\"><button type=\"submit\" name=\"wpforms[submit]\" id=\"wpforms-submit-176\" value=\"wpforms-submit\" aria-live=\"assertive\" data-alt-text=\"Senden...\" data-submit-text=\"Absenden\">Absenden<\/button><\/form>\n<iframe loading=\"lazy\" src=\"https:\/\/www.google.com\/maps\/embed?pb=!1m18!1m12!1m3!1d2432.4455263271434!2d11.810927915804328!3d52.43484367979818!2m3!1f0!2f0!3f0!3m2!1i1024!2i768!4f13.1!3m3!1m2!1s0x47af47f128faa9eb%3A0xbbe1fd3e5e7bf2a7!2sMit%20Herz%20Gegen%20Schmerz%20%7C%20Ergotherapie%20und%20Schmerztherapie%20Emily%20Schulz!5e0!3m2!1sde!2sde!4v1613423984227!5m2!1sde!2sde\" width=\"100%\" height=\"450\" frameborder=\"0\" style=\"border:0;\" allowfullscreen=\"\" aria-hidden=\"false\" tabindex=\"0\"><\/iframe><!--\/themify_builder_static-->","protected":false},"excerpt":{"rendered":"<p>Kontakt | Anfahrt Kontakt Emily Schulz +49 152 551 65 985 kontakt@mitherzgegenschmerz.de Bismarckstra\u00dfe 43, 39517 Tangerh\u00fctte Sie m\u00f6chten einen Termin vereinbaren, haben eine Frage oder m\u00f6chten uns einen wertvollen Hinweis geben?Wir sind f\u00fcr Sie da! Rufen Sie uns an oder hinterlassen Sie hier eine Nachricht. Schreiben Sie uns Bitte aktiviere JavaScript in deinem Browser, um [&hellip;]<\/p>\n","protected":false},"author":1,"featured_media":0,"parent":0,"menu_order":0,"comment_status":"closed","ping_status":"closed","template":"","meta":{"footnotes":""},"class_list":["post-146","page","type-page","status-publish","czr-hentry"],"builder_content":"<h1>Kontakt | Anfahrt<br\/><\/h1>\n\n<h2>Kontakt<\/h2> <p>Emily Schulz<\/p>\n<a href=\"tel:+4915255165985\"> <em ><svg aria-hidden=\"true\"><use href=\"#tf-fas-phone\"><\/use><\/svg><\/em> +49 152 551 65 985 <\/a> <a href=\"mailto:kontakt@mitherzgegenschmerz.de\"> <em ><svg aria-hidden=\"true\"><use href=\"#tf-far-envelope\"><\/use><\/svg><\/em> kontakt@mitherzgegenschmerz.de <\/a> <a href=\"https:\/\/goo.gl\/maps\/QGUipzvV8QdgJQXWA\"> <em ><svg aria-hidden=\"true\"><use href=\"#tf-far-map-pin\"><\/use><\/svg><\/em> Bismarckstra\u00dfe 43, 39517 Tangerh\u00fctte <\/a>\n\n<p>Sie m\u00f6chten einen Termin vereinbaren, haben eine Frage oder m\u00f6chten uns einen wertvollen Hinweis geben?<br \/>Wir sind f\u00fcr Sie da!<\/p> <p>Rufen Sie uns an oder hinterlassen Sie hier eine Nachricht.<\/p>\n<h2>Schreiben Sie uns<\/h2>\n<form id=\"wpforms-form-176\" data-formid=\"176\" method=\"post\" enctype=\"multipart\/form-data\" action=\"\/index.php?rest_route=%2Fwp%2Fv2%2Fpages%2F146\" data-token=\"a1d96fe521dbd50861133fae1253d3d4\" data-token-time=\"1775944045\"><noscript>Bitte aktiviere JavaScript in deinem Browser, um dieses Formular fertigzustellen.<\/noscript><label for=\"wpforms-176-field_0\">Name *<\/label><input type=\"text\" id=\"wpforms-176-field_0\" name=\"wpforms[fields][0][first]\" placeholder=\"Vorname\" required><label for=\"wpforms-176-field_0\">Vorname<\/label><input type=\"text\" id=\"wpforms-176-field_0-last\" name=\"wpforms[fields][0][last]\" placeholder=\"Nachname\" required><label for=\"wpforms-176-field_0-last\">Nachname<\/label><label for=\"wpforms-176-field_1\">E-Mail *<\/label><input type=\"email\" id=\"wpforms-176-field_1\" name=\"wpforms[fields][1]\" placeholder=\"E-Mail\" spellcheck=\"false\" required><label for=\"wpforms-176-field_4\">Telefonnummer (optional)<\/label><input type=\"number\" id=\"wpforms-176-field_4\" name=\"wpforms[fields][4]\" placeholder=\"Telefonnummer (optional)\" step=\"any\" ><label for=\"wpforms-176-field_2\">Kommentar oder Nachricht *<\/label><textarea id=\"wpforms-176-field_2\" data-form-id=\"176\" data-field-id=\"2\" data-text-limit=\"100\" name=\"wpforms[fields][2]\" placeholder=\"Kommentar oder Nachricht\" required><\/textarea><input type=\"text\" name=\"g-recaptcha-hidden\" style=\"position:absolute!important;clip:rect(0,0,0,0)!important;height:1px!important;width:1px!important;border:0!important;overflow:hidden!important;padding:0!important;margin:0!important;\" data-rule-recaptcha=\"1\"><input type=\"hidden\" name=\"wpforms[id]\" value=\"176\"><input type=\"hidden\" name=\"page_title\" value=\"\"><input type=\"hidden\" name=\"page_url\" value=\"https:\/\/mitherzgegenschmerz.de\/index.php?rest_route=\/wp\/v2\/pages\/146\"><input type=\"hidden\" name=\"url_referer\" value=\"\"><button type=\"submit\" name=\"wpforms[submit]\" id=\"wpforms-submit-176\" data-alt-text=\"Senden...\" data-submit-text=\"Absenden\" aria-live=\"assertive\" value=\"wpforms-submit\">Absenden<\/button><\/form>\n<iframe src=\"https:\/\/www.google.com\/maps\/embed?pb=!1m18!1m12!1m3!1d2432.4455263271434!2d11.810927915804328!3d52.43484367979818!2m3!1f0!2f0!3f0!3m2!1i1024!2i768!4f13.1!3m3!1m2!1s0x47af47f128faa9eb%3A0xbbe1fd3e5e7bf2a7!2sMit%20Herz%20Gegen%20Schmerz%20%7C%20Ergotherapie%20und%20Schmerztherapie%20Emily%20Schulz!5e0!3m2!1sde!2sde!4v1613423984227!5m2!1sde!2sde\" width=\"100%\" height=\"450\" frameborder=\"0\" style=\"border:0;\" allowfullscreen=\"\" aria-hidden=\"false\" tabindex=\"0\"><\/iframe>","_links":{"self":[{"href":"https:\/\/mitherzgegenschmerz.de\/index.php?rest_route=\/wp\/v2\/pages\/146","targetHints":{"allow":["GET"]}}],"collection":[{"href":"https:\/\/mitherzgegenschmerz.de\/index.php?rest_route=\/wp\/v2\/pages"}],"about":[{"href":"https:\/\/mitherzgegenschmerz.de\/index.php?rest_route=\/wp\/v2\/types\/page"}],"author":[{"embeddable":true,"href":"https:\/\/mitherzgegenschmerz.de\/index.php?rest_route=\/wp\/v2\/users\/1"}],"replies":[{"embeddable":true,"href":"https:\/\/mitherzgegenschmerz.de\/index.php?rest_route=%2Fwp%2Fv2%2Fcomments&post=146"}],"version-history":[{"count":130,"href":"https:\/\/mitherzgegenschmerz.de\/index.php?rest_route=\/wp\/v2\/pages\/146\/revisions"}],"predecessor-version":[{"id":629,"href":"https:\/\/mitherzgegenschmerz.de\/index.php?rest_route=\/wp\/v2\/pages\/146\/revisions\/629"}],"wp:attachment":[{"href":"https:\/\/mitherzgegenschmerz.de\/index.php?rest_route=%2Fwp%2Fv2%2Fmedia&parent=146"}],"curies":[{"name":"wp","href":"https:\/\/api.w.org\/{rel}","templated":true}]}}