{"id":27,"date":"2025-08-25T21:00:12","date_gmt":"2025-08-25T20:00:12","guid":{"rendered":"https:\/\/mitherzgegenschmerz.de\/?page_id=27"},"modified":"2025-08-25T20:59:18","modified_gmt":"2025-08-25T19:59:18","slug":"therapieangebote","status":"publish","type":"page","link":"https:\/\/mitherzgegenschmerz.de\/?page_id=27","title":{"rendered":"Therapieangebote"},"content":{"rendered":"<!-- wp:themify-builder\/canvas \/-->","protected":false},"excerpt":{"rendered":"","protected":false},"author":1,"featured_media":0,"parent":0,"menu_order":0,"comment_status":"closed","ping_status":"closed","template":"","meta":{"footnotes":""},"class_list":["post-27","page","type-page","status-publish","czr-hentry"],"builder_content":"<h1>Therapieangebote<br\/><\/h1>\n\n<svg> <circle r=\"calc(50% - 1.00px)\" cx=\"50%\" cy=\"50%\" stroke-width=\"2\"\/> <circle r=\"calc(50% - 1.00px)\" cx=\"50%\" cy=\"50%\" stroke=\"#cca41d\" stroke-width=\"2\" data-progress=\"100\" stroke-dasharray=\"0,10000\"\/> <\/svg> <em><svg aria-hidden=\"true\"><use href=\"#tf-ti-hand-open\"><\/use><\/svg><\/em> \n <h3> Ergotherapie <\/h3> <p style=\"text-align: left\">Ergotherapie unterst\u00fctzt und begleitet Menschen jeden Alters, die in ihrer Handlungsf\u00e4higkeit eingeschr\u00e4nkt oder von Einschr\u00e4nkungen bedroht sind. Ziel ist es, sie bei der Durchf\u00fchrung f\u00fcr sie bedeutungsvoller Bet\u00e4tigungen in den Bereichen Selbstversorgung, Produktivit\u00e4t und Freizeit in ihrer pers\u00f6nlichen Umwelt zu st\u00e4rken.<\/p> <p style=\"text-align: left\">Quelle: <a href=\"http:\/\/www.dve.info\">www.dve.info<\/a><\/p>\n<svg> <circle r=\"calc(50% - 1.00px)\" cx=\"50%\" cy=\"50%\" stroke-width=\"2\"\/> <circle r=\"calc(50% - 1.00px)\" cx=\"50%\" cy=\"50%\" stroke=\"#cca41d\" stroke-width=\"2\" data-progress=\"100\" stroke-dasharray=\"0,10000\"\/> <\/svg> <em><svg aria-hidden=\"true\"><use href=\"#tf-ti-split-v-alt\"><\/use><\/svg><\/em> \n <h3> Flexionsdistraktion <\/h3> <p style=\"text-align: left\">Mit Hilfe einer speziellen Liege werden die Wirbel und Facettengelenke gezielt mobilisiert, so dass Blockaden sanft gel\u00f6st werden k\u00f6nnen. Die Flexionsdistraktion bewirkt einen Zug-, Druck- und Pumpeffekt, um die lebensnotwendigen N\u00e4hrstoffe wieder in die Bandscheiben zu bef\u00f6rdern (Stoffwechseloptimierung) und reduziert dar\u00fcber hinaus den Bandscheibeninnendruck.<\/p> <p style=\"text-align: left\">Die Bandscheiben werden wieder praller, das Neuroforamen vergr\u00f6\u00dfert sich, der Gallertkern der Bandscheibe zentriert sich und dies f\u00fchrt zur Abnahme von Druck auf das hintere L\u00e4ngsband und die Nervenwurzel.<\/p>\n<svg> <circle r=\"calc(50% - 1.00px)\" cx=\"50%\" cy=\"50%\" stroke-width=\"2\"\/> <circle r=\"calc(50% - 1.00px)\" cx=\"50%\" cy=\"50%\" stroke=\"#cca41d\" stroke-width=\"2\" data-progress=\"100\" stroke-dasharray=\"0,10000\"\/> <\/svg> <em><svg aria-hidden=\"true\"><use href=\"#tf-ti-heart\"><\/use><\/svg><\/em> \n <h3> Schmerztherapie <\/h3> <p style=\"text-align: left\">Die Behandlung von Menschen mit (chronischen) Schmerzen. Ein Ebenenmodell, welches die<\/p> <ul style=\"text-align: left\"> <li style=\"text-align: left\">Bindegewebs- und Neurophysiologie<\/li> <li style=\"text-align: left\">Untersuchung und Behandlung des lokalen, faszialen, segmentalen, vegetativen und viszeralen Systems, sowie auf psycho-emotionaler und energetischer Ebene\u00a0<\/li> <li style=\"text-align: left\">Untersuchung und Behandlung der Wirbels\u00e4ule, des Beckens, der Rippen, der oberen und unteren Extremit\u00e4t<\/li> <li style=\"text-align: left\">des segmentalen Systems, der peripheren Nerven, Plexus und Spinalnerven<\/li> <li style=\"text-align: left\">und der Trainingslehre, \u00dcbungsprogramme, Kr\u00e4ftigung &amp; Dehnung &amp; Stabilisation<\/li> <\/ul> <p style=\"text-align: left\">beinhaltet und ber\u00fccksichtigt.<\/p>\n<svg> <circle r=\"calc(50% - 1.00px)\" cx=\"50%\" cy=\"50%\" stroke-width=\"2\"\/> <circle r=\"calc(50% - 1.00px)\" cx=\"50%\" cy=\"50%\" stroke=\"#cca41d\" stroke-width=\"2\" data-progress=\"100\" stroke-dasharray=\"0,10000\"\/> <\/svg> <em><svg aria-hidden=\"true\"><use href=\"#tf-ti-pin-alt\"><\/use><\/svg><\/em> \n <h3> Triggerpunkttherapie <\/h3> <p>Bis zu ca. 80% aller Beschwerden und Schmerzen sind auf unser muskuloskelettales System zur\u00fcckzuf\u00fchren. Denn unsere Muskeln und Faszien versuchen stets Fehlhaltungen oder -bewegungen &amp; \u00dcberlastung zu kompensieren.<\/p> <p>Ursachen hierf\u00fcr k\u00f6nnen k\u00f6rperlicher und psychischer Stress sein (Verletzungen, einseitige Bewegungen, st\u00e4ndig unterdr\u00fcckter \u00c4rger). H\u00e4ufig auch eine Kombination aus beidem.<\/p> <p>Es kommt zu Schmerzen im Schulter-Nacken-Bereich, Beschwerden in H\u00fcft- oder Kniegelenken, Durchblutungsst\u00f6rungen, \u201eeingeklemmten\u201c Nerven \u2013 welche Ausstrahlungsbeschwerden in Arme\/H\u00e4nde oder Beine\/F\u00fc\u00dfe bewirken k\u00f6nnen.<\/p> <p>Durch Druck auf diese Triggerpunkte (=schmerzausl\u00f6sende Punkte) erfolgt eine Detonisierung des Gewebes. Dies f\u00fchrt zu Schmerzlinderung und Steigerung des Bewegungsausma\u00dfes.<\/p> <p><a href=\"http:\/\/www.triggerpunkt-akademie.de\">www.triggerpunkt-akademie.de<\/a><\/p>\n<svg> <circle r=\"calc(50% - 1.00px)\" cx=\"50%\" cy=\"50%\" stroke-width=\"2\"\/> <circle r=\"calc(50% - 1.00px)\" cx=\"50%\" cy=\"50%\" stroke=\"#cca41d\" stroke-width=\"2\" data-progress=\"100\" stroke-dasharray=\"0,10000\"\/> <\/svg> <em><svg aria-hidden=\"true\"><use href=\"#tf-ti-vector\"><\/use><\/svg><\/em> \n <h3> Senso Pro <\/h3> <p>Unser neues Multifunktionsger\u00e4t erm\u00f6glicht uns sensomotorisches Training unter Belastung. Hier kommen komplexe Bewegungen \u2013 jedoch gelenkschonend \u2013 einfach &amp; sicher in der Anwendung, zum Einsatz. Von der Fr\u00fch-Rehaphase bis hin zum Hochleistungssportler!<\/p> <p style=\"text-align: center\">- Kopple Bewegung mit Spa\u00df &amp; werde schmerzfrei! \u2013<\/p>\n<svg> <circle r=\"calc(50% - 1.00px)\" cx=\"50%\" cy=\"50%\" stroke-width=\"2\"\/> <circle r=\"calc(50% - 1.00px)\" cx=\"50%\" cy=\"50%\" stroke=\"#cca41d\" stroke-width=\"2\" data-progress=\"100\" stroke-dasharray=\"0,10000\"\/> <\/svg> <em><svg aria-hidden=\"true\"><use href=\"#tf-ti-music-alt\"><\/use><\/svg><\/em> \n <h3> HiToP 1 Touch - Hochtontherapie <\/h3> <p><strong>Hochtontherapie ist eine Elektrotherapie<\/strong> mit speziell moduliertem mittelfrequentem Strom. Die Therapie greift auf Zellebene, den Mitochondrien des K\u00f6rpers und kann Energieblockaden im gesamten K\u00f6rper ausgleichen, sowie Heilungsprozesse f\u00f6rdern.<\/p> <p>Die Hochtontherapie wird eingesetzt <strong>zur Stimulation innervierter Muskeln und zur Schmerztherapie<\/strong>. Weitere Indikationen sind z.B. <strong>Polyneuropathie, aktivierten und chronischen Arthrosen<\/strong>, Bursitis, (chronische) Cystitis, Epicondylitis, Ersch\u00f6pfungszust\u00e4nde, Fascialisparese, Trigeminusneuralgie, Migr\u00e4ne, Hypertonie, Schwellungen, allg. Schmerzen, Muskelhypertonien, Z.n. Apoplex, Multiple Sklerose u.v.m.<\/p>\n<h1>Kurse<br\/><\/h1>\n\n<h3 dir=\"auto\" style=\"text-align: center;\" data-olk-copy-source=\"MessageBody\">BALLance Konzept by Dr. Tanja K\u00fchne<\/h3> Ein Kurs zur Aufrichtung und Entlastung der Wirbels\u00e4ule. F\u00fcr weitere Infos meldet euch direkt in der Praxis, telefonisch oder per Mail. <p>\u00a0<\/p> <p>\u00a0<\/p>\n<h1>Leistungen<br\/><\/h1>\n\n<ul> <li style=\"text-align: left;\">Motorisch \u2013 funktionelle Behandlung<\/li> <li style=\"text-align: left;\">Sensomotorisch \u2013 perzeptive Behandlung<\/li> <li style=\"text-align: left;\">Thermische Anwendungen<\/li> <li>Spezielle Wirbels\u00e4ulenbehandlung \/ Flexionsdistraktion<\/li> <li>Pneumatische Pulsationsmassage - <strong>Pneumatron200<\/strong><\/li> <li>Dorn Breuss<\/li> <li>Kinesio Taping<\/li> <li>Hochtontherapie - <strong>HiToP 1 Touch<\/strong><\/li> <li><strong>Senso Pro<\/strong> Traning<\/li> <li>Blockadetherapie<\/li> <\/ul>\n<h1>Diagnosen & Indikationen<br\/><\/h1>\n\n<ul> <li>Bandscheibenvorf\u00e4lle\/Protrusionen<\/li> <li>Spinalstenosen<\/li> <li>Skoliose<\/li> <li>Facettenarthrose<\/li> <li>muskul\u00e4re &amp; fasziale Dysbalancen<\/li> <li>HWS\/BWS\/LWS Syndrom<\/li> <li>chronisches Schmerzsyndrom<\/li> <li>Arthrose \/ Arthritis<\/li> <li>Rheumatische Erkrankungen<\/li> <li>Multiple Sklerose<\/li> <li>Fibromyalgie<\/li> <li>Migr\u00e4ne<\/li> <li>Neuropathien<\/li> <li>Operationen an der Wirbels\u00e4ule und\/oder Extremit\u00e4ten<\/li> <li>\u00dcberlastungssyndrome ( Sehnenscheideentz\u00fcndungen)<\/li> <li>Impingement-Syndrom<\/li> <li>Karpaltunnelsyndrom<\/li> <li>Dupuytrensche Kontraktur<\/li> <li>Epicondylitis (\u201eTennisarm\u201c\/ \u201eGolferarm\u201c)<\/li> <li>Kapsel-\/ Bandverletzungen<\/li> <li>Z.n. nach Endoprothesen<\/li> <li>Luxationen<\/li> <\/ul>","_links":{"self":[{"href":"https:\/\/mitherzgegenschmerz.de\/index.php?rest_route=\/wp\/v2\/pages\/27","targetHints":{"allow":["GET"]}}],"collection":[{"href":"https:\/\/mitherzgegenschmerz.de\/index.php?rest_route=\/wp\/v2\/pages"}],"about":[{"href":"https:\/\/mitherzgegenschmerz.de\/index.php?rest_route=\/wp\/v2\/types\/page"}],"author":[{"embeddable":true,"href":"https:\/\/mitherzgegenschmerz.de\/index.php?rest_route=\/wp\/v2\/users\/1"}],"replies":[{"embeddable":true,"href":"https:\/\/mitherzgegenschmerz.de\/index.php?rest_route=%2Fwp%2Fv2%2Fcomments&post=27"}],"version-history":[{"count":65,"href":"https:\/\/mitherzgegenschmerz.de\/index.php?rest_route=\/wp\/v2\/pages\/27\/revisions"}],"predecessor-version":[{"id":748,"href":"https:\/\/mitherzgegenschmerz.de\/index.php?rest_route=\/wp\/v2\/pages\/27\/revisions\/748"}],"wp:attachment":[{"href":"https:\/\/mitherzgegenschmerz.de\/index.php?rest_route=%2Fwp%2Fv2%2Fmedia&parent=27"}],"curies":[{"name":"wp","href":"https:\/\/api.w.org\/{rel}","templated":true}]}}